{"id":98,"date":"2023-02-07T14:51:15","date_gmt":"2023-02-07T13:51:15","guid":{"rendered":"https:\/\/myrstackensff.se\/?page_id=98"},"modified":"2026-04-20T09:19:05","modified_gmt":"2026-04-20T07:19:05","slug":"instruktioner","status":"publish","type":"page","link":"https:\/\/myrstackensff.se\/?page_id=98","title":{"rendered":"Instruktioner m.m."},"content":{"rendered":"\t\t<div data-elementor-type=\"wp-page\" data-elementor-id=\"98\" class=\"elementor elementor-98\" data-elementor-post-type=\"page\">\n\t\t\t\t\t\t<section class=\"elementor-section elementor-top-section elementor-element elementor-element-7d058eac elementor-section-boxed elementor-section-height-default elementor-section-height-default\" data-id=\"7d058eac\" data-element_type=\"section\" data-e-type=\"section\">\n\t\t\t\t\t\t<div class=\"elementor-container elementor-column-gap-default\">\n\t\t\t\t\t<div class=\"elementor-column elementor-col-100 elementor-top-column elementor-element elementor-element-135e20c2\" data-id=\"135e20c2\" data-element_type=\"column\" data-e-type=\"column\">\n\t\t\t<div class=\"elementor-widget-wrap elementor-element-populated\">\n\t\t\t\t\t\t<div class=\"elementor-element elementor-element-77ff74c3 elementor-widget elementor-widget-text-editor\" data-id=\"77ff74c3\" data-element_type=\"widget\" data-e-type=\"widget\" data-widget_type=\"text-editor.default\">\n\t\t\t\t<div class=\"elementor-widget-container\">\n\t\t\t\t\t\t\t\t\t<p><\/p>\n<p>H\u00e4r hittar ni instruktioner kopplat till systemet f\u00f6r att k\u00f6pa parkeringsbiljett m.m.<\/p>\n<p><\/p>\n<ul class=\"wp-block-list\"><p><\/p>\n<li><a href=\"http:\/\/myrstackensff.se\/wp-content\/uploads\/2023\/02\/Instruktion-for-parkeringsbiljetter-i-Myrstacken.pdf\" data-type=\"URL\" data-id=\"http:\/\/myrstackensff.se\/wp-content\/uploads\/2023\/02\/Instruktion-for-parkeringsbiljetter-i-Myrstacken.pdf\">K\u00f6pa parkeringsbiljett<\/a><\/li>\n<p><\/p>\n<li><a href=\"http:\/\/myrstackensff.se\/wp-content\/uploads\/2023\/03\/PARK46_APP_funktioner.pdf\">PARK46 App<\/a><\/li>\n<p><\/p>\n<\/ul>\n<p><\/p>\n<h3 class=\"wp-block-heading\">Ritningar m.m.<\/h3>\n<p><\/p>\n<ul class=\"wp-block-list\"><p><\/p>\n<li><a href=\"http:\/\/myrstackensff.se\/wp-content\/uploads\/2023\/02\/Parkeringsfordelning-Myrstacken.pdf\" data-type=\"URL\" data-id=\"http:\/\/myrstackensff.se\/wp-content\/uploads\/2023\/02\/Parkeringsfordelning-Myrstacken.pdf\">Parkeringsf\u00f6rteckning<\/a><\/li>\n<p><\/p>\n<\/ul>\n<p><\/p>\n<h3 class=\"wp-block-heading\"><br><\/h3>\n<p><\/p>\t\t\t\t\t\t\t\t<\/div>\n\t\t\t\t<\/div>\n\t\t\t\t\t<\/div>\n\t\t<\/div>\n\t\t\t\t\t<\/div>\n\t\t<\/section>\n\t\t\t\t<\/div>\n\t\t","protected":false},"excerpt":{"rendered":"<p>H\u00e4r hittar ni instruktioner kopplat till systemet f\u00f6r att k\u00f6pa parkeringsbiljett m.m. Ritningar m.m.<\/p>\n","protected":false},"author":1,"featured_media":0,"parent":0,"menu_order":0,"comment_status":"closed","ping_status":"closed","template":"","meta":{"_monsterinsights_skip_tracking":false,"_monsterinsights_sitenote_active":false,"_monsterinsights_sitenote_note":"","_monsterinsights_sitenote_category":0,"footnotes":""},"class_list":["post-98","page","type-page","status-publish","hentry"],"_links":{"self":[{"href":"https:\/\/myrstackensff.se\/index.php?rest_route=\/wp\/v2\/pages\/98","targetHints":{"allow":["GET"]}}],"collection":[{"href":"https:\/\/myrstackensff.se\/index.php?rest_route=\/wp\/v2\/pages"}],"about":[{"href":"https:\/\/myrstackensff.se\/index.php?rest_route=\/wp\/v2\/types\/page"}],"author":[{"embeddable":true,"href":"https:\/\/myrstackensff.se\/index.php?rest_route=\/wp\/v2\/users\/1"}],"replies":[{"embeddable":true,"href":"https:\/\/myrstackensff.se\/index.php?rest_route=%2Fwp%2Fv2%2Fcomments&post=98"}],"version-history":[{"count":6,"href":"https:\/\/myrstackensff.se\/index.php?rest_route=\/wp\/v2\/pages\/98\/revisions"}],"predecessor-version":[{"id":366,"href":"https:\/\/myrstackensff.se\/index.php?rest_route=\/wp\/v2\/pages\/98\/revisions\/366"}],"wp:attachment":[{"href":"https:\/\/myrstackensff.se\/index.php?rest_route=%2Fwp%2Fv2%2Fmedia&parent=98"}],"curies":[{"name":"wp","href":"https:\/\/api.w.org\/{rel}","templated":true}]}}