{"id":80,"date":"2023-02-07T14:09:40","date_gmt":"2023-02-07T13:09:40","guid":{"rendered":"https:\/\/myrstackensff.se\/?page_id=80"},"modified":"2023-02-07T14:18:22","modified_gmt":"2023-02-07T13:18:22","slug":"uthyrningspolicy","status":"publish","type":"page","link":"https:\/\/myrstackensff.se\/?page_id=80","title":{"rendered":"Uthyrningspolicy"},"content":{"rendered":"\n<p>Respektive del\u00e4gare till Myrstacken kan ha en uthyrningspolicy f\u00f6r platserna som de disponerar i parkeringshuset. Nedan finner ni de uthyrningspolicys som g\u00e4ller. <\/p>\n\n\n\n<ul class=\"wp-block-list\">\n<li>K\u00e5lhagen 1, Bostadsr\u00e4ttsf\u00f6reningen Lav Alfa<\/li>\n\n\n\n<li>K\u00e5lhagen 2, Bostadsr\u00e4ttsf\u00f6reningen Lav Beta<\/li>\n<\/ul>\n","protected":false},"excerpt":{"rendered":"<p>Respektive del\u00e4gare till Myrstacken kan ha en uthyrningspolicy f\u00f6r platserna som de disponerar i parkeringshuset. Nedan finner ni de uthyrningspolicys som g\u00e4ller.<\/p>\n","protected":false},"author":1,"featured_media":0,"parent":0,"menu_order":0,"comment_status":"closed","ping_status":"closed","template":"","meta":{"_monsterinsights_skip_tracking":false,"_monsterinsights_sitenote_active":false,"_monsterinsights_sitenote_note":"","_monsterinsights_sitenote_category":0,"footnotes":""},"class_list":["post-80","page","type-page","status-publish","hentry"],"_links":{"self":[{"href":"https:\/\/myrstackensff.se\/index.php?rest_route=\/wp\/v2\/pages\/80","targetHints":{"allow":["GET"]}}],"collection":[{"href":"https:\/\/myrstackensff.se\/index.php?rest_route=\/wp\/v2\/pages"}],"about":[{"href":"https:\/\/myrstackensff.se\/index.php?rest_route=\/wp\/v2\/types\/page"}],"author":[{"embeddable":true,"href":"https:\/\/myrstackensff.se\/index.php?rest_route=\/wp\/v2\/users\/1"}],"replies":[{"embeddable":true,"href":"https:\/\/myrstackensff.se\/index.php?rest_route=%2Fwp%2Fv2%2Fcomments&post=80"}],"version-history":[{"count":2,"href":"https:\/\/myrstackensff.se\/index.php?rest_route=\/wp\/v2\/pages\/80\/revisions"}],"predecessor-version":[{"id":86,"href":"https:\/\/myrstackensff.se\/index.php?rest_route=\/wp\/v2\/pages\/80\/revisions\/86"}],"wp:attachment":[{"href":"https:\/\/myrstackensff.se\/index.php?rest_route=%2Fwp%2Fv2%2Fmedia&parent=80"}],"curies":[{"name":"wp","href":"https:\/\/api.w.org\/{rel}","templated":true}]}}