{"id":2,"date":"2023-02-06T16:28:59","date_gmt":"2023-02-06T15:28:59","guid":{"rendered":"http:\/\/myrstackensff.se\/?page_id=2"},"modified":"2025-04-28T13:37:28","modified_gmt":"2025-04-28T11:37:28","slug":"exempelsida","status":"publish","type":"page","link":"https:\/\/myrstackensff.se\/?page_id=2","title":{"rendered":"Kontaktuppgifter"},"content":{"rendered":"<h3><\/h3>\n<h3><\/h3>\n<h3>Kundservice och felanm\u00e4lan<\/h3>\n<!-- \/wp:heading --><!-- wp:paragraph -->\n\nVid fr\u00e5gor om parkeringstillst\u00e5nd, k\u00f6plats, parkeringsapp, etc. kontaktar ni Securitas.\nparkering@securitas.se\n010-470 10 57\n\n<!-- \/wp:paragraph --><!-- wp:heading {\"level\":3} -->\n<h3>Parkeringsansvariga<\/h3>\n<!-- \/wp:heading --><!-- wp:paragraph -->\n\nV\u00e4nder er i f\u00f6rsta hand till de parkeringsansvariga i er f\u00f6rening eller hyresv\u00e4rd vid fr\u00e5gor om respektive fastighets\u00e4gares uthyrningspolicy, villkor, etc.\n\n<!-- \/wp:list-item -->\n\n<!-- \/wp:list --><!-- wp:heading {\"level\":3} -->\n<h3>Postadress<\/h3>\n<!-- \/wp:heading --><!-- wp:paragraph -->\n\nMyrstacken Samf\u00e4llighetsf\u00f6rening\nc\/o Brf Tillsammans i Tomtebo\nK\u00e5lhagsv\u00e4gen 28 A\n907 55 UME\u00c5\n\n<!-- \/wp:paragraph --><!-- wp:paragraph -->\n\nE-post: <a href=\"mailto:hej@myrstackensff.se\">hej@myrstackensff.se<\/a>\n\n<!-- \/wp:paragraph --><!-- wp:heading {\"level\":3} -->\n<h3>Faktureringsadress<\/h3>\n<!-- \/wp:heading --><!-- wp:paragraph -->\n\nMyrstacken SFF\nc\/o Vinstor Storuman AB\nStationsgatan 3\n923 31 Storuman\n\nPDF-faktura: <a style=\"font-family: var( --e-global-typography-text-font-family ), Sans-serif; font-weight: var( --e-global-typography-text-font-weight ); background-color: #ffffff; font-size: 1rem;\" href=\"mailto:inbox.lev.1606574@arkivplats.se\">inbox.lev.1606574@arkivplats.se<\/a>\n\n<!-- \/wp:paragraph -->","protected":false},"excerpt":{"rendered":"<p>Kundservice och felanm\u00e4lan Vid fr\u00e5gor om parkeringstillst\u00e5nd, k\u00f6plats, parkeringsapp, etc. kontaktar ni Securitas. parkering@securitas.se 010-470 10 57 Parkeringsansvariga V\u00e4nder er i f\u00f6rsta hand till de parkeringsansvariga i er f\u00f6rening eller hyresv\u00e4rd vid fr\u00e5gor om respektive fastighets\u00e4gares uthyrningspolicy, villkor, etc. Postadress Myrstacken Samf\u00e4llighetsf\u00f6rening c\/o Brf Tillsammans i Tomtebo K\u00e5lhagsv\u00e4gen 28 A 907 55 UME\u00c5 E-post: hej@myrstackensff.se [&hellip;]<\/p>\n","protected":false},"author":1,"featured_media":0,"parent":0,"menu_order":0,"comment_status":"closed","ping_status":"open","template":"","meta":{"_monsterinsights_skip_tracking":false,"_monsterinsights_sitenote_active":false,"_monsterinsights_sitenote_note":"","_monsterinsights_sitenote_category":0,"footnotes":""},"class_list":["post-2","page","type-page","status-publish","hentry"],"_links":{"self":[{"href":"https:\/\/myrstackensff.se\/index.php?rest_route=\/wp\/v2\/pages\/2","targetHints":{"allow":["GET"]}}],"collection":[{"href":"https:\/\/myrstackensff.se\/index.php?rest_route=\/wp\/v2\/pages"}],"about":[{"href":"https:\/\/myrstackensff.se\/index.php?rest_route=\/wp\/v2\/types\/page"}],"author":[{"embeddable":true,"href":"https:\/\/myrstackensff.se\/index.php?rest_route=\/wp\/v2\/users\/1"}],"replies":[{"embeddable":true,"href":"https:\/\/myrstackensff.se\/index.php?rest_route=%2Fwp%2Fv2%2Fcomments&post=2"}],"version-history":[{"count":6,"href":"https:\/\/myrstackensff.se\/index.php?rest_route=\/wp\/v2\/pages\/2\/revisions"}],"predecessor-version":[{"id":357,"href":"https:\/\/myrstackensff.se\/index.php?rest_route=\/wp\/v2\/pages\/2\/revisions\/357"}],"wp:attachment":[{"href":"https:\/\/myrstackensff.se\/index.php?rest_route=%2Fwp%2Fv2%2Fmedia&parent=2"}],"curies":[{"name":"wp","href":"https:\/\/api.w.org\/{rel}","templated":true}]}}